{"id":3416,"date":"2025-07-17T15:59:32","date_gmt":"2025-07-17T15:59:32","guid":{"rendered":"https:\/\/lubifood.com\/zasady-ochrany-osobnych-udajov"},"modified":"2025-10-10T07:04:05","modified_gmt":"2025-10-10T07:04:05","slug":"zasady-ochrany-osobnych-udajov","status":"publish","type":"page","link":"https:\/\/lubifood.com\/sk\/zasady-ochrany-osobnych-udajov","title":{"rendered":"Z\u00e1sady ochrany osobn\u00fdch \u00fadajov"},"content":{"rendered":"\t\t<div data-elementor-type=\"wp-page\" data-elementor-id=\"3416\" class=\"elementor elementor-3416 elementor-3\">\n\t\t\t\t<div class=\"elementor-element elementor-element-51d91f1 e-flex e-con-boxed e-con e-parent\" data-id=\"51d91f1\" data-element_type=\"container\" data-e-type=\"container\">\n\t\t\t\t\t<div class=\"e-con-inner\">\n\t\t\t\t<div class=\"elementor-element elementor-element-ae3221e elementor-widget elementor-widget-text-editor\" data-id=\"ae3221e\" data-element_type=\"widget\" data-e-type=\"widget\" data-widget_type=\"text-editor.default\">\n\t\t\t\t\t\t\t\t\t<p data-start=\"317\" data-end=\"350\"><strong data-start=\"317\" data-end=\"336\">D\u00e1tum \u00fa\u010dinnosti:<\/strong> [1.10.2025]<\/p>\n<p data-start=\"353\" data-end=\"568\">Tieto Z\u00e1sady ochrany osobn\u00fdch \u00fadajov popisuj\u00fa, ako <strong data-start=\"387\" data-end=\"407\">AGROREGI\u00d3N, a.s.<\/strong> (\u201eLubifood\u201c, \u201emy\u201c) zhroma\u017e\u010fuje, pou\u017e\u00edva a chr\u00e1ni tvoje osobn\u00e9 \u00fadaje, ke\u010f nav\u0161t\u00edvi\u0161 alebo nak\u00fapi\u0161 na na\u0161ej webovej str\u00e1nke [vlo\u017ete URL] (\u010falej len \u201eStr\u00e1nka\u201c).<\/p>\n<p data-start=\"570\" data-end=\"795\">Zav\u00e4zujeme sa chr\u00e1ni\u0165 va\u0161e s\u00fakromie a zaisti\u0165 bezpe\u010dnos\u0165 va\u0161ich osobn\u00fdch \u00fadajov v s\u00falade s platn\u00fdmi z\u00e1konmi o ochrane \u00fadajov vr\u00e1tane <strong data-start=\"735\" data-end=\"794\">V\u0161eobecn\u00e9ho nariadenia o ochrane \u00fadajov (E\u00da) 2016\/679 (GDPR)<\/strong>.<\/p>\t\t\t\t\t\t\t\t<\/div>\n\t\t\t\t<div class=\"elementor-element elementor-element-967a5ad elementor-widget elementor-widget-heading\" data-id=\"967a5ad\" data-element_type=\"widget\" data-e-type=\"widget\" data-widget_type=\"heading.default\">\n\t\t\t\t\t<h2 class=\"elementor-heading-title elementor-size-default\">1. Prev\u00e1dzkovate\u013e \u00fadajov<\/h2>\t\t\t\t<\/div>\n\t\t\t\t<div class=\"elementor-element elementor-element-36613e1 elementor-widget elementor-widget-text-editor\" data-id=\"36613e1\" data-element_type=\"widget\" data-e-type=\"widget\" data-widget_type=\"text-editor.default\">\n\t\t\t\t\t\t\t\t\t<p data-start=\"778\" data-end=\"992\"><strong data-start=\"778\" data-end=\"798\">AGROREGI\u00d3N, a.s.<\/strong><br data-start=\"798\" data-end=\"801\">Holl\u00e9ho 203, 01501 Rajec, Slovensko<br data-start=\"835\" data-end=\"838\">I\u010cO: 36382973<br data-start=\"858\" data-end=\"861\">DI\u010c: 2020097761<br data-start=\"879\" data-end=\"882\">I\u010c DPH: SK2020097761<br data-start=\"902\" data-end=\"905\">\ud83d\udce7 Email: <strong data-start=\"915\" data-end=\"936\"><a class=\"decorated-link cursor-pointer\" rel=\"noopener\" data-start=\"917\" data-end=\"934\">info@lubifood.com<\/a><\/strong><br data-start=\"936\" data-end=\"939\">\ud83d\udcde Telef\u00f3n: <strong data-start=\"949\" data-end=\"969\">+421 910 808 202<\/strong>, <strong data-start=\"971\" data-end=\"992\">+33 6 03 26 90 24<\/strong><\/p>\n<p data-start=\"994\" data-end=\"1101\">Prev\u00e1dzkovate\u013e \u00fadajov je zodpovedn\u00fd za ur\u010denie \u00fa\u010delov a prostriedkov spracovania va\u0161ich osobn\u00fdch \u00fadajov.<\/p>\t\t\t\t\t\t\t\t<\/div>\n\t\t\t\t<div class=\"elementor-element elementor-element-a2e8220 elementor-widget elementor-widget-heading\" data-id=\"a2e8220\" data-element_type=\"widget\" data-e-type=\"widget\" data-widget_type=\"heading.default\">\n\t\t\t\t\t<h2 class=\"elementor-heading-title elementor-size-default\">2. Osobn\u00e9 \u00fadaje, ktor\u00e9 zhroma\u017e\u010fujeme<\/h2>\t\t\t\t<\/div>\n\t\t\t\t<div class=\"elementor-element elementor-element-c87a40b elementor-widget elementor-widget-text-editor\" data-id=\"c87a40b\" data-element_type=\"widget\" data-e-type=\"widget\" data-widget_type=\"text-editor.default\">\n\t\t\t\t\t\t\t\t\t<p data-start=\"1144\" data-end=\"1213\">M\u00f4\u017eeme zhroma\u017e\u010fova\u0165 a sprac\u00fava\u0165 nasleduj\u00face kateg\u00f3rie osobn\u00fdch \u00fadajov:<\/p>\n<ul data-start=\"1215\" data-end=\"1660\">\n<li data-start=\"1215\" data-end=\"1306\">\n<p data-start=\"1217\" data-end=\"1306\"><strong data-start=\"1217\" data-end=\"1260\">Identifika\u010dn\u00e9 a kontaktn\u00e9 \u00fadaje:<\/strong> meno, adresa, emailov\u00e1 adresa, telef\u00f3nne \u010d\u00edslo.<\/p>\n<\/li>\n<li data-start=\"1307\" data-end=\"1445\">\n<p data-start=\"1309\" data-end=\"1445\"><strong data-start=\"1309\" data-end=\"1331\">Inform\u00e1cie o objedn\u00e1vke:<\/strong> zak\u00fapen\u00e9 polo\u017eky, platobn\u00e9 \u00fadaje (spracovan\u00e9 bezpe\u010dne cez platobn\u00e9 br\u00e1ny tret\u00edch str\u00e1n), faktura\u010dn\u00e9 a dodacie adresy.<\/p>\n<\/li>\n<li data-start=\"1446\" data-end=\"1558\">\n<p data-start=\"1448\" data-end=\"1558\"><strong data-start=\"1448\" data-end=\"1474\">Technick\u00e9 inform\u00e1cie:<\/strong> IP adresa, typ prehliada\u010da, opera\u010dn\u00fd syst\u00e9m a aktivita prehliadania na na\u0161ej webovej str\u00e1nke.<\/p>\n<\/li>\n<li data-start=\"1559\" data-end=\"1660\">\n<p data-start=\"1561\" data-end=\"1660\"><strong data-start=\"1561\" data-end=\"1587\">Marketingov\u00e9 preferencie:<\/strong> stav prihl\u00e1senia na odber newslettera alebo s\u00fahlas s prij\u00edman\u00edm propaga\u010dn\u00fdch emailov.<\/p>\n<\/li>\n<\/ul>\n<p data-start=\"1662\" data-end=\"1755\"><strong data-start=\"1668\" data-end=\"1675\">Nezhroma\u017e\u010fujeme<\/strong> ani neuchov\u00e1vame citliv\u00e9 \u00fadaje (ako s\u00fa zdravotn\u00e9 inform\u00e1cie alebo biometrick\u00e9 \u00fadaje).<\/p>\t\t\t\t\t\t\t\t<\/div>\n\t\t\t\t<div class=\"elementor-element elementor-element-67536e1 elementor-widget elementor-widget-heading\" data-id=\"67536e1\" data-element_type=\"widget\" data-e-type=\"widget\" data-widget_type=\"heading.default\">\n\t\t\t\t\t<h2 class=\"elementor-heading-title elementor-size-default\">3. Ako pou\u017e\u00edvame va\u0161e \u00fadaje<\/h2>\t\t\t\t<\/div>\n\t\t\t\t<div class=\"elementor-element elementor-element-b0ef703 elementor-widget elementor-widget-text-editor\" data-id=\"b0ef703\" data-element_type=\"widget\" data-e-type=\"widget\" data-widget_type=\"text-editor.default\">\n\t\t\t\t\t\t\t\t\t<p data-start=\"1794\" data-end=\"1851\">Va\u0161e osobn\u00e9 \u00fadaje sprac\u00favame na nasleduj\u00face \u00fa\u010dely:<\/p>\n<ul data-start=\"1853\" data-end=\"2232\">\n<li data-start=\"1853\" data-end=\"1909\">\n<p data-start=\"1855\" data-end=\"1909\">Na spracovanie a vybavenie va\u0161ich <strong data-start=\"1883\" data-end=\"1906\">objedn\u00e1vok a platieb<\/strong>.<\/p>\n<\/li>\n<li data-start=\"1910\" data-end=\"1976\">\n<p data-start=\"1912\" data-end=\"1976\">Na poskytovanie <strong data-start=\"1923\" data-end=\"1943\">z\u00e1kazn\u00edckej podpory<\/strong> a odpovedanie na va\u0161e ot\u00e1zky.<\/p>\n<\/li>\n<li data-start=\"1977\" data-end=\"2045\">\n<p data-start=\"1979\" data-end=\"2045\">Na zasielanie <strong data-start=\"1987\" data-end=\"2042\">potvrden\u00ed objedn\u00e1vok, fakt\u00far a aktualiz\u00e1ci\u00ed o doru\u010den\u00ed<\/strong>.<\/p>\n<\/li>\n<li data-start=\"2046\" data-end=\"2108\">\n<p data-start=\"2048\" data-end=\"2108\">Na zlep\u0161ovanie na\u0161ich produktov, webovej str\u00e1nky a z\u00e1kazn\u00edckej sk\u00fasenosti.<\/p>\n<\/li>\n<li data-start=\"2109\" data-end=\"2184\">\n<p data-start=\"2111\" data-end=\"2184\">Na zasielanie <strong data-start=\"2119\" data-end=\"2147\">marketingov\u00fdch ozn\u00e1men\u00ed<\/strong> (len s va\u0161\u00edm v\u00fdslovn\u00fdm s\u00fahlasom).<\/p>\n<\/li>\n<li data-start=\"2185\" data-end=\"2232\">\n<p data-start=\"2187\" data-end=\"2232\">Na dodr\u017eiavanie <strong data-start=\"2202\" data-end=\"2231\">pr\u00e1vnych a da\u0148ov\u00fdch povinnost\u00ed<\/strong>.<\/p>\n<\/li>\n<\/ul>\t\t\t\t\t\t\t\t<\/div>\n\t\t\t\t<div class=\"elementor-element elementor-element-98b25e9 elementor-widget elementor-widget-heading\" data-id=\"98b25e9\" data-element_type=\"widget\" data-e-type=\"widget\" data-widget_type=\"heading.default\">\n\t\t\t\t\t<h2 class=\"elementor-heading-title elementor-size-default\">4. Pr\u00e1vny z\u00e1klad spracovania<\/h2>\t\t\t\t<\/div>\n\t\t\t\t<div class=\"elementor-element elementor-element-9d55796 elementor-widget elementor-widget-text-editor\" data-id=\"9d55796\" data-element_type=\"widget\" data-e-type=\"widget\" data-widget_type=\"text-editor.default\">\n\t\t\t\t\t\t\t\t\t<p data-start=\"2277\" data-end=\"2316\">Va\u0161e osobn\u00e9 \u00fadaje sprac\u00favame na z\u00e1klade:<\/p>\n<ul data-start=\"2318\" data-end=\"2627\">\n<li data-start=\"2318\" data-end=\"2385\">\n<p data-start=\"2320\" data-end=\"2385\"><strong data-start=\"2320\" data-end=\"2345\">Zmluvnej nevyhnutnosti<\/strong> \u2013 na spracovanie a doru\u010denie va\u0161ich objedn\u00e1vok.<\/p>\n<\/li>\n<li data-start=\"2386\" data-end=\"2455\">\n<p data-start=\"2388\" data-end=\"2455\"><strong data-start=\"2388\" data-end=\"2409\">Pr\u00e1vnych povinnost\u00ed<\/strong> \u2013 na dodr\u017eiavanie slovensk\u00fdch a eur\u00f3pskych predpisov.<\/p>\n<\/li>\n<li data-start=\"2456\" data-end=\"2522\">\n<p data-start=\"2458\" data-end=\"2522\"><strong data-start=\"2458\" data-end=\"2481\">Opr\u00e1vnen\u00e9ho z\u00e1ujmu<\/strong> \u2013 na zlep\u0161ovanie na\u0161ich slu\u017eieb a webovej str\u00e1nky.<\/p>\n<\/li>\n<li data-start=\"2523\" data-end=\"2627\">\n<p data-start=\"2525\" data-end=\"2627\"><strong data-start=\"2525\" data-end=\"2536\">S\u00fahlasu<\/strong> \u2013 pre marketingov\u00e9 a newsletterov\u00e9 komunik\u00e1cie (svoj s\u00fahlas m\u00f4\u017eete kedyko\u013evek odvola\u0165).<\/p>\n<\/li>\n<\/ul>\t\t\t\t\t\t\t\t<\/div>\n\t\t\t\t<div class=\"elementor-element elementor-element-5fd16ab elementor-widget elementor-widget-heading\" data-id=\"5fd16ab\" data-element_type=\"widget\" data-e-type=\"widget\" data-widget_type=\"heading.default\">\n\t\t\t\t\t<h2 class=\"elementor-heading-title elementor-size-default\">5. Uchov\u00e1vanie \u00fadajov<\/h2>\t\t\t\t<\/div>\n\t\t\t\t<div class=\"elementor-element elementor-element-71f1b16 elementor-widget elementor-widget-text-editor\" data-id=\"71f1b16\" data-element_type=\"widget\" data-e-type=\"widget\" data-widget_type=\"text-editor.default\">\n\t\t\t\t\t\t\t\t\t<p data-start=\"2284\" data-end=\"2452\">Va\u0161e osobn\u00e9 \u00fadaje uchov\u00e1vame len po dobu nevyhnutn\u00fa na splnenie \u00fa\u010delov, na ktor\u00e9 boli zhroma\u017eden\u00e9, alebo ako to vy\u017eaduje z\u00e1kon (napr. da\u0148ov\u00e9 alebo \u00fa\u010dtovn\u00e9 predpisy).<br data-start=\"2831\" data-end=\"2834\">Zvy\u010dajne sa \u00fadaje o objedn\u00e1vkach uchov\u00e1vaj\u00fa <strong data-start=\"2870\" data-end=\"2882\">10 rokov<\/strong> a marketingov\u00e9 \u00fadaje a\u017e do odvolania v\u00e1\u0161ho s\u00fahlasu.<\/p>\t\t\t\t\t\t\t\t<\/div>\n\t\t\t\t<div class=\"elementor-element elementor-element-b85d012 elementor-widget elementor-widget-heading\" data-id=\"b85d012\" data-element_type=\"widget\" data-e-type=\"widget\" data-widget_type=\"heading.default\">\n\t\t\t\t\t<h2 class=\"elementor-heading-title elementor-size-default\">6. Zdie\u013eanie \u00fadajov<\/h2>\t\t\t\t<\/div>\n\t\t\t\t<div class=\"elementor-element elementor-element-c06b561 elementor-widget elementor-widget-text-editor\" data-id=\"c06b561\" data-element_type=\"widget\" data-e-type=\"widget\" data-widget_type=\"text-editor.default\">\n\t\t\t\t\t\t\t\t\t<p data-start=\"2966\" data-end=\"3065\">Va\u0161e \u00fadaje m\u00f4\u017eeme zdie\u013ea\u0165 len s d\u00f4veryhodn\u00fdmi tret\u00edmi stranami nevyhnutn\u00fdmi pre prev\u00e1dzku n\u00e1\u0161ho podnikania:<\/p>\n<ul data-start=\"3067\" data-end=\"3316\">\n<li data-start=\"3067\" data-end=\"3119\">\n<p data-start=\"3069\" data-end=\"3119\"><strong data-start=\"3069\" data-end=\"3095\">Kuri\u00e9rske slu\u017eby (DPD)<\/strong> \u2013 na doru\u010denie objedn\u00e1vok.<\/p>\n<\/li>\n<li data-start=\"3120\" data-end=\"3180\">\n<p data-start=\"3122\" data-end=\"3180\"><strong data-start=\"3122\" data-end=\"3144\">Spracovate\u013eov platieb<\/strong> \u2013 pre bezpe\u010dn\u00e9 online transakcie.<\/p>\n<\/li>\n<li data-start=\"3181\" data-end=\"3274\">\n<p data-start=\"3183\" data-end=\"3274\"><strong data-start=\"3183\" data-end=\"3229\">Poskytovate\u013eov IT slu\u017eieb a hostingov\u00fdch spolo\u010dnost\u00ed<\/strong> \u2013 na udr\u017eiavanie funk\u010dnosti webovej str\u00e1nky.<\/p>\n<\/li>\n<li data-start=\"3275\" data-end=\"3316\">\n<p data-start=\"3277\" data-end=\"3316\"><strong data-start=\"3277\" data-end=\"3292\">\u00darady<\/strong> \u2013 ke\u010f to vy\u017eaduje z\u00e1kon.<\/p>\n<\/li>\n<\/ul>\n<p data-start=\"3318\" data-end=\"3385\">V\u0161etci partneri s\u00fa zmluvne viazan\u00ed dodr\u017eiava\u0165 \u0161tandardy GDPR.<\/p>\t\t\t\t\t\t\t\t<\/div>\n\t\t\t\t<div class=\"elementor-element elementor-element-b1990b9 elementor-widget elementor-widget-heading\" data-id=\"b1990b9\" data-element_type=\"widget\" data-e-type=\"widget\" data-widget_type=\"heading.default\">\n\t\t\t\t\t<h2 class=\"elementor-heading-title elementor-size-default\">7. Bezpe\u010dnos\u0165 \u00fadajov<\/h2>\t\t\t\t<\/div>\n\t\t\t\t<div class=\"elementor-element elementor-element-c1d3336 elementor-widget elementor-widget-text-editor\" data-id=\"c1d3336\" data-element_type=\"widget\" data-e-type=\"widget\" data-widget_type=\"text-editor.default\">\n\t\t\t\t\t\t\t\t\t<p data-start=\"3417\" data-end=\"3632\">Prij\u00edmame primeran\u00e9 technick\u00e9 a organiza\u010dn\u00e9 opatrenia na ochranu va\u0161ich \u00fadajov pred neopr\u00e1vnen\u00fdm pr\u00edstupom, stratou, zneu\u017eit\u00edm alebo zmenou.<br data-start=\"3553\" data-end=\"3556\">V\u0161etky transakcie s\u00fa \u0161ifrovan\u00e9 pomocou technol\u00f3gie <strong data-start=\"3591\" data-end=\"3620\">SSL (Secure Socket Layer)<\/strong>.<\/p>\t\t\t\t\t\t\t\t<\/div>\n\t\t\t\t<div class=\"elementor-element elementor-element-a10169a elementor-widget elementor-widget-heading\" data-id=\"a10169a\" data-element_type=\"widget\" data-e-type=\"widget\" data-widget_type=\"heading.default\">\n\t\t\t\t\t<h2 class=\"elementor-heading-title elementor-size-default\">8. Va\u0161e pr\u00e1va<\/h2>\t\t\t\t<\/div>\n\t\t\t\t<div class=\"elementor-element elementor-element-779bd82 elementor-widget elementor-widget-text-editor\" data-id=\"779bd82\" data-element_type=\"widget\" data-e-type=\"widget\" data-widget_type=\"text-editor.default\">\n\t\t\t\t\t\t\t\t\t<p data-start=\"3662\" data-end=\"3721\">M\u00e1te nasleduj\u00face pr\u00e1va t\u00fdkaj\u00face sa va\u0161ich osobn\u00fdch \u00fadajov:<\/p>\n<ul data-start=\"3723\" data-end=\"4207\">\n<li data-start=\"3723\" data-end=\"3777\">\n<p data-start=\"3725\" data-end=\"3777\"><strong data-start=\"3725\" data-end=\"3735\">Pr\u00edstup<\/strong> \u2013 po\u017eiada\u0165 o k\u00f3piu va\u0161ich osobn\u00fdch \u00fadajov.<\/p>\n<\/li>\n<li data-start=\"3778\" data-end=\"3844\">\n<p data-start=\"3780\" data-end=\"3844\"><strong data-start=\"3780\" data-end=\"3797\">Oprava<\/strong> \u2013 opravi\u0165 ak\u00e9ko\u013evek nepresn\u00e9 alebo ne\u00fapln\u00e9 \u00fadaje.<\/p>\n<\/li>\n<li data-start=\"3845\" data-end=\"3919\">\n<p data-start=\"3847\" data-end=\"3919\"><strong data-start=\"3847\" data-end=\"3884\">Vymazanie (\u201ePr\u00e1vo by\u0165 zabudnut\u00fd\u201c)<\/strong> \u2013 po\u017eiada\u0165 o vymazanie tvojich \u00fadajov.<\/p>\n<\/li>\n<li data-start=\"3920\" data-end=\"3982\">\n<p data-start=\"3922\" data-end=\"3982\"><strong data-start=\"3922\" data-end=\"3937\">Obmedzenie<\/strong> \u2013 obmedzi\u0165 spracovanie v \u0161pecifick\u00fdch situ\u00e1ci\u00e1ch.<\/p>\n<\/li>\n<li data-start=\"3983\" data-end=\"4051\">\n<p data-start=\"3985\" data-end=\"4051\"><strong data-start=\"3985\" data-end=\"4005\">Prenosnos\u0165 \u00fadajov<\/strong> \u2013 z\u00edska\u0165 va\u0161e \u00fadaje v \u0161trukt\u00farovanom form\u00e1te.<\/p>\n<\/li>\n<li data-start=\"4052\" data-end=\"4144\">\n<p data-start=\"4054\" data-end=\"4144\"><strong data-start=\"4054\" data-end=\"4067\">N\u00e1mietka<\/strong> \u2013 namieta\u0165 proti spracovaniu na z\u00e1klade opr\u00e1vnen\u00e9ho z\u00e1ujmu alebo marketingov\u00fdch \u00fa\u010delov.<\/p>\n<\/li>\n<li data-start=\"4145\" data-end=\"4207\">\n<p data-start=\"4147\" data-end=\"4207\"><strong data-start=\"4147\" data-end=\"4167\">Odvolanie s\u00fahlasu<\/strong> \u2013 kedyko\u013evek pre marketingov\u00e9 aktivity.<\/p>\n<\/li>\n<\/ul>\n<p data-start=\"4209\" data-end=\"4271\">Na uplatnenie t\u00fdchto pr\u00e1v n\u00e1s kontaktujte na: <strong data-start=\"4250\" data-end=\"4271\">\n  <a class=\"decorated-link cursor-pointer\" rel=\"noopener\" data-start=\"4252\" data-end=\"4269\">info@lubifood.com<\/a>\n<\/strong><\/p>\n<p data-start=\"4273\" data-end=\"4454\">Ak sa domnievate, \u017ee va\u0161e pr\u00e1va boli poru\u0161en\u00e9, m\u00f4\u017eete poda\u0165 s\u0165a\u017enos\u0165 na <strong data-start=\"4354\" data-end=\"4453\">\u00darad na ochranu osobn\u00fdch \u00fadajov Slovenskej republiky<\/strong>.<\/p>\t\t\t\t\t\t\t\t<\/div>\n\t\t\t\t<div class=\"elementor-element elementor-element-5f170d1 elementor-widget elementor-widget-heading\" data-id=\"5f170d1\" data-element_type=\"widget\" data-e-type=\"widget\" data-widget_type=\"heading.default\">\n\t\t\t\t\t<h2 class=\"elementor-heading-title elementor-size-default\">9. Cookies<\/h2>\t\t\t\t<\/div>\n\t\t\t\t<div class=\"elementor-element elementor-element-7b4f9ea elementor-widget elementor-widget-text-editor\" data-id=\"7b4f9ea\" data-element_type=\"widget\" data-e-type=\"widget\" data-widget_type=\"text-editor.default\">\n\t\t\t\t\t\t\t\t\t<p data-start=\"1125\" data-end=\"1489\">Na\u0161a webov\u00e1 str\u00e1nka pou\u017e\u00edva cookies na zlep\u0161enie v\u00e1\u0161ho z\u00e1\u017eitku z prehliadania, anal\u00fdzu n\u00e1v\u0161tevnosti a personaliz\u00e1ciu obsahu.<br data-start=\"4583\" data-end=\"4586\">Cookies m\u00f4\u017eete spravova\u0165 alebo zak\u00e1za\u0165 v nastaveniach v\u00e1\u0161ho prehliada\u010da.<\/p>\t\t\t\t\t\t\t\t<\/div>\n\t\t\t\t<div class=\"elementor-element elementor-element-cefe1bd elementor-widget elementor-widget-heading\" data-id=\"cefe1bd\" data-element_type=\"widget\" data-e-type=\"widget\" data-widget_type=\"heading.default\">\n\t\t\t\t\t<h2 class=\"elementor-heading-title elementor-size-default\">10. Zmeny t\u00fdchto z\u00e1sad<\/h2>\t\t\t\t<\/div>\n\t\t\t\t<div class=\"elementor-element elementor-element-3b24ff1 elementor-widget elementor-widget-text-editor\" data-id=\"3b24ff1\" data-element_type=\"widget\" data-e-type=\"widget\" data-widget_type=\"text-editor.default\">\n\t\t\t\t\t\t\t\t\t<p data-start=\"3757\" data-end=\"3833\">Tieto Z\u00e1sady ochrany osobn\u00fdch \u00fadajov m\u00f4\u017eeme z \u010dasu na \u010das aktualizova\u0165, aby odr\u00e1\u017eali zmeny v legislat\u00edve alebo na\u0161ich obchodn\u00fdch praktik\u00e1ch. Najnov\u0161ia verzia bude v\u017edy dostupn\u00e1 na na\u0161ej webovej str\u00e1nke. <\/p>\t\t\t\t\t\t\t\t<\/div>\n\t\t\t\t<div class=\"elementor-element elementor-element-71c1403 elementor-widget elementor-widget-heading\" data-id=\"71c1403\" data-element_type=\"widget\" data-e-type=\"widget\" data-widget_type=\"heading.default\">\n\t\t\t\t\t<h2 class=\"elementor-heading-title elementor-size-default\">11. Kontaktn\u00e9 inform\u00e1cie<\/h2>\t\t\t\t<\/div>\n\t\t\t\t<div class=\"elementor-element elementor-element-7522b48 elementor-widget elementor-widget-text-editor\" data-id=\"7522b48\" data-element_type=\"widget\" data-e-type=\"widget\" data-widget_type=\"text-editor.default\">\n\t\t\t\t\t\t\t\t\t<p data-start=\"4951\" data-end=\"5062\">Ak m\u00e1te ak\u00e9ko\u013evek ot\u00e1zky t\u00fdkaj\u00face sa t\u00fdchto Z\u00e1sad ochrany osobn\u00fdch \u00fadajov alebo sp\u00f4sobu, ak\u00fdm naklad\u00e1me s va\u0161imi osobn\u00fdmi \u00fadajmi, kontaktujte n\u00e1s:<\/p>\n<p data-start=\"5064\" data-end=\"5197\"><strong data-start=\"5064\" data-end=\"5084\">AGROREGI\u00d3N, a.s.<\/strong><br data-start=\"5084\" data-end=\"5087\">Holl\u00e9ho 203, 01501 Rajec, Slovensko<br data-start=\"5121\" data-end=\"5124\">\ud83d\udce7 <strong data-start=\"5127\" data-end=\"5148\"><a class=\"decorated-link cursor-pointer\" rel=\"noopener\" data-start=\"5129\" data-end=\"5146\">info@lubifood.com<\/a><\/strong><br data-start=\"5148\" data-end=\"5151\">\ud83d\udcde <strong data-start=\"5154\" data-end=\"5174\">+421 910 808 202<\/strong>, <strong data-start=\"5176\" data-end=\"5197\">+33 6 03 26 90 24<\/strong><\/p>\t\t\t\t\t\t\t\t<\/div>\n\t\t\t\t\t<\/div>\n\t\t\t\t<\/div>\n\t\t\t\t<\/div>\n\t\t","protected":false},"excerpt":{"rendered":"<p>D\u00e1tum \u00fa\u010dinnosti: [1.10.2025] Tieto Z\u00e1sady ochrany osobn\u00fdch \u00fadajov popisuj\u00fa, ako AGROREGI\u00d3N, a.s. (\u201eLubifood\u201c, \u201emy\u201c) zhroma\u017e\u010fuje, pou\u017e\u00edva a chr\u00e1ni tvoje osobn\u00e9 [&hellip;]<\/p>\n","protected":false},"author":1,"featured_media":0,"parent":0,"menu_order":0,"comment_status":"closed","ping_status":"open","template":"","meta":{"site-sidebar-layout":"default","site-content-layout":"","ast-site-content-layout":"default","site-content-style":"default","site-sidebar-style":"default","ast-global-header-display":"","ast-banner-title-visibility":"","ast-main-header-display":"","ast-hfb-above-header-display":"","ast-hfb-below-header-display":"","ast-hfb-mobile-header-display":"","site-post-title":"","ast-breadcrumbs-content":"","ast-featured-img":"","footer-sml-layout":"","theme-transparent-header-meta":"","adv-header-id-meta":"","stick-header-meta":"","header-above-stick-meta":"","header-main-stick-meta":"","header-below-stick-meta":"","astra-migrate-meta-layouts":"default","ast-page-background-enabled":"default","ast-page-background-meta":{"desktop":{"background-color":"var(--ast-global-color-5)","background-image":"","background-repeat":"repeat","background-position":"center center","background-size":"auto","background-attachment":"scroll","background-type":"","background-media":"","overlay-type":"","overlay-color":"","overlay-opacity":"","overlay-gradient":""},"tablet":{"background-color":"","background-image":"","background-repeat":"repeat","background-position":"center center","background-size":"auto","background-attachment":"scroll","background-type":"","background-media":"","overlay-type":"","overlay-color":"","overlay-opacity":"","overlay-gradient":""},"mobile":{"background-color":"","background-image":"","background-repeat":"repeat","background-position":"center center","background-size":"auto","background-attachment":"scroll","background-type":"","background-media":"","overlay-type":"","overlay-color":"","overlay-opacity":"","overlay-gradient":""}},"ast-content-background-meta":{"desktop":{"background-color":"var(--ast-global-color-4)","background-image":"","background-repeat":"repeat","background-position":"center center","background-size":"auto","background-attachment":"scroll","background-type":"","background-media":"","overlay-type":"","overlay-color":"","overlay-opacity":"","overlay-gradient":""},"tablet":{"background-color":"var(--ast-global-color-4)","background-image":"","background-repeat":"repeat","background-position":"center center","background-size":"auto","background-attachment":"scroll","background-type":"","background-media":"","overlay-type":"","overlay-color":"","overlay-opacity":"","overlay-gradient":""},"mobile":{"background-color":"var(--ast-global-color-4)","background-image":"","background-repeat":"repeat","background-position":"center center","background-size":"auto","background-attachment":"scroll","background-type":"","background-media":"","overlay-type":"","overlay-color":"","overlay-opacity":"","overlay-gradient":""}},"footnotes":""},"class_list":["post-3416","page","type-page","status-publish","hentry"],"_links":{"self":[{"href":"https:\/\/lubifood.com\/sk\/wp-json\/wp\/v2\/pages\/3416","targetHints":{"allow":["GET"]}}],"collection":[{"href":"https:\/\/lubifood.com\/sk\/wp-json\/wp\/v2\/pages"}],"about":[{"href":"https:\/\/lubifood.com\/sk\/wp-json\/wp\/v2\/types\/page"}],"author":[{"embeddable":true,"href":"https:\/\/lubifood.com\/sk\/wp-json\/wp\/v2\/users\/1"}],"replies":[{"embeddable":true,"href":"https:\/\/lubifood.com\/sk\/wp-json\/wp\/v2\/comments?post=3416"}],"version-history":[{"count":1,"href":"https:\/\/lubifood.com\/sk\/wp-json\/wp\/v2\/pages\/3416\/revisions"}],"predecessor-version":[{"id":3417,"href":"https:\/\/lubifood.com\/sk\/wp-json\/wp\/v2\/pages\/3416\/revisions\/3417"}],"wp:attachment":[{"href":"https:\/\/lubifood.com\/sk\/wp-json\/wp\/v2\/media?parent=3416"}],"curies":[{"name":"wp","href":"https:\/\/api.w.org\/{rel}","templated":true}]}}