{"id":3482,"date":"2025-10-11T10:38:41","date_gmt":"2025-10-11T10:38:41","guid":{"rendered":"https:\/\/lubifood.com\/?page_id=3482"},"modified":"2025-10-11T10:42:35","modified_gmt":"2025-10-11T10:42:35","slug":"kosik-2","status":"publish","type":"page","link":"https:\/\/lubifood.com\/sk\/kosik-2","title":{"rendered":"Cart"},"content":{"rendered":"\n<div data-block-name=\"woocommerce\/cart\" class=\"wp-block-woocommerce-cart is-loading\">\n<div data-block-name=\"woocommerce\/filled-cart-block\" class=\"wp-block-woocommerce-filled-cart-block\">\n<div data-block-name=\"woocommerce\/cart-items-block\" class=\"wp-block-woocommerce-cart-items-block\">\n<div data-block-name=\"woocommerce\/cart-line-items-block\" class=\"wp-block-woocommerce-cart-line-items-block\"><\/div>\n\n\n\n<div data-block-name=\"woocommerce\/cart-cross-sells-block\" class=\"wp-block-woocommerce-cart-cross-sells-block\">\n<h2 class=\"wp-block-heading has-large-font-size\">Mohlo by v\u00e1s zauj\u00edma\u0165\u2026<\/h2>\n\n\n\n<div data-block-name=\"woocommerce\/cart-cross-sells-products-block\" class=\"wp-block-woocommerce-cart-cross-sells-products-block\"><\/div>\n<\/div>\n<\/div>\n\n\n\n<div data-block-name=\"woocommerce\/cart-totals-block\" class=\"wp-block-woocommerce-cart-totals-block\">\n<div data-block-name=\"woocommerce\/cart-order-summary-block\" class=\"wp-block-woocommerce-cart-order-summary-block\">\n<div data-block-name=\"woocommerce\/cart-order-summary-heading-block\" data-content=\"Basket totals\" class=\"wp-block-woocommerce-cart-order-summary-heading-block\"><\/div>\n\n\n\n<div data-block-name=\"woocommerce\/cart-order-summary-coupon-form-block\" class=\"wp-block-woocommerce-cart-order-summary-coupon-form-block\"><\/div>\n\n\n\n<div data-block-name=\"woocommerce\/cart-order-summary-totals-block\" class=\"wp-block-woocommerce-cart-order-summary-totals-block\">\n<div data-block-name=\"woocommerce\/cart-order-summary-subtotal-block\" class=\"wp-block-woocommerce-cart-order-summary-subtotal-block\"><\/div>\n\n\n\n<div data-block-name=\"woocommerce\/cart-order-summary-fee-block\" class=\"wp-block-woocommerce-cart-order-summary-fee-block\"><\/div>\n\n\n\n<div data-block-name=\"woocommerce\/cart-order-summary-discount-block\" class=\"wp-block-woocommerce-cart-order-summary-discount-block\"><\/div>\n\n\n\n<div data-block-name=\"woocommerce\/cart-order-summary-shipping-block\" class=\"wp-block-woocommerce-cart-order-summary-shipping-block\"><\/div>\n\n\n\n<div data-block-name=\"woocommerce\/cart-order-summary-taxes-block\" class=\"wp-block-woocommerce-cart-order-summary-taxes-block\"><\/div>\n<\/div>\n<\/div>\n\n\n\n<div data-block-name=\"woocommerce\/cart-express-payment-block\" class=\"wp-block-woocommerce-cart-express-payment-block\"><\/div>\n\n\n\n<div data-block-name=\"woocommerce\/proceed-to-checkout-block\" class=\"wp-block-woocommerce-proceed-to-checkout-block\"><\/div>\n\n\n\n<div data-block-name=\"woocommerce\/cart-accepted-payment-methods-block\" class=\"wp-block-woocommerce-cart-accepted-payment-methods-block\"><\/div>\n<\/div>\n<\/div>\n\n\n\n<div data-block-name=\"woocommerce\/empty-cart-block\" class=\"wp-block-woocommerce-empty-cart-block\">\n<h2 class=\"wp-block-heading has-text-align-center with-empty-cart-icon wc-block-cart__empty-cart__title\">V\u00e1\u0161 ko\u0161\u00edk je moment\u00e1lne pr\u00e1zdny!<\/h2>\n\n\n\n<hr class=\"wp-block-separator has-alpha-channel-opacity is-style-dots\"\/>\n\n\n\n<h2 class=\"wp-block-heading has-text-align-center\">Novinky v obchode<\/h2>\n\n\n<div data-block-name=\"woocommerce\/product-new\" data-columns=\"4\" data-rows=\"1\" class=\"wc-block-grid wp-block-product-new wp-block-woocommerce-product-new wc-block-product-new has-4-columns\"><ul class=\"wc-block-grid__products\"><li class=\"wc-block-grid__product\">\n\t\t\t\t<a href=\"https:\/\/lubifood.com\/sk\/shop\/produkty\/makovy-olej-lisovany-za-studena-250-ml\" class=\"wc-block-grid__product-link\">\n\t\t\t\t\t\n\t\t\t\t\t<div class=\"wc-block-grid__product-image\"><img loading=\"lazy\" decoding=\"async\" width=\"300\" height=\"300\" src=\"https:\/\/lubifood.com\/wp-content\/uploads\/2025\/11\/makovy-olej-300x300.jpg\" class=\"attachment-woocommerce_thumbnail size-woocommerce_thumbnail\" alt=\"Makov\u00fd olej lisovan\u00fd za studena \u2013 250 ml\" srcset=\"https:\/\/lubifood.com\/wp-content\/uploads\/2025\/11\/makovy-olej-300x300.jpg 300w, https:\/\/lubifood.com\/wp-content\/uploads\/2025\/11\/makovy-olej-150x150.jpg 150w, https:\/\/lubifood.com\/wp-content\/uploads\/2025\/11\/makovy-olej-768x768.jpg 768w, https:\/\/lubifood.com\/wp-content\/uploads\/2025\/11\/makovy-olej-600x600.jpg 600w, https:\/\/lubifood.com\/wp-content\/uploads\/2025\/11\/makovy-olej-100x100.jpg 100w, https:\/\/lubifood.com\/wp-content\/uploads\/2025\/11\/makovy-olej.jpg 1024w\" sizes=\"auto, (max-width: 300px) 100vw, 300px\" \/><\/div>\n\t\t\t\t\t<div class=\"wc-block-grid__product-title\">Makov\u00fd olej lisovan\u00fd za studena \u2013 250 ml<\/div>\n\t\t\t\t<\/a>\n\t\t\t\t<div class=\"wc-block-grid__product-price price\"><span class=\"woocommerce-Price-amount amount\">7,00&nbsp;<span class=\"woocommerce-Price-currencySymbol\">&euro;<\/span><\/span><\/div>\n\t\t\t\t\n\t\t\t\t<div class=\"wp-block-button wc-block-grid__product-add-to-cart\"><a href=\"\/sk\/wp-json\/wp\/v2\/pages\/3482?add-to-cart=3792\" aria-label=\"Prida\u0165 do ko\u0161\u00edka: \u201eMakov\u00fd olej lisovan\u00fd za studena \u2013 250 ml\u201c\" data-quantity=\"1\" data-product_id=\"3792\" data-product_sku=\"\" data-price=\"7\" rel=\"nofollow\" class=\"wp-block-button__link  add_to_cart_button ajax_add_to_cart\">Prida\u0165 do ko\u0161\u00edka<\/a><\/div>\n\t\t\t<\/li><li class=\"wc-block-grid__product\">\n\t\t\t\t<a href=\"https:\/\/lubifood.com\/sk\/shop\/produkty\/pestrec-mariansky-drveny-500-g\" class=\"wc-block-grid__product-link\">\n\t\t\t\t\t\n\t\t\t\t\t<div class=\"wc-block-grid__product-image\"><img loading=\"lazy\" decoding=\"async\" width=\"300\" height=\"300\" src=\"https:\/\/lubifood.com\/wp-content\/uploads\/2025\/10\/pestrec-mariansky-drveny-300x300.png\" class=\"attachment-woocommerce_thumbnail size-woocommerce_thumbnail\" alt=\"Pestrec mari\u00e1nsky - drven\u00fd \u2013 500 g\" srcset=\"https:\/\/lubifood.com\/wp-content\/uploads\/2025\/10\/pestrec-mariansky-drveny-300x300.png 300w, https:\/\/lubifood.com\/wp-content\/uploads\/2025\/10\/pestrec-mariansky-drveny-150x150.png 150w, https:\/\/lubifood.com\/wp-content\/uploads\/2025\/10\/pestrec-mariansky-drveny-768x768.png 768w, https:\/\/lubifood.com\/wp-content\/uploads\/2025\/10\/pestrec-mariansky-drveny-600x600.png 600w, https:\/\/lubifood.com\/wp-content\/uploads\/2025\/10\/pestrec-mariansky-drveny-100x100.png 100w, https:\/\/lubifood.com\/wp-content\/uploads\/2025\/10\/pestrec-mariansky-drveny.png 1000w\" sizes=\"auto, (max-width: 300px) 100vw, 300px\" \/><\/div>\n\t\t\t\t\t<div class=\"wc-block-grid__product-title\">Pestrec mari\u00e1nsky &#8211; drven\u00fd \u2013 500 g<\/div>\n\t\t\t\t<\/a>\n\t\t\t\t<div class=\"wc-block-grid__product-price price\"><span class=\"woocommerce-Price-amount amount\">7,00&nbsp;<span class=\"woocommerce-Price-currencySymbol\">&euro;<\/span><\/span><\/div>\n\t\t\t\t\n\t\t\t\t<div class=\"wp-block-button wc-block-grid__product-add-to-cart\"><a href=\"\/sk\/wp-json\/wp\/v2\/pages\/3482?add-to-cart=3348\" aria-label=\"Prida\u0165 do ko\u0161\u00edka: \u201ePestrec mari\u00e1nsky - drven\u00fd \u2013 500 g\u201c\" data-quantity=\"1\" data-product_id=\"3348\" data-product_sku=\"\" data-price=\"7\" rel=\"nofollow\" class=\"wp-block-button__link  add_to_cart_button ajax_add_to_cart\">Prida\u0165 do ko\u0161\u00edka<\/a><\/div>\n\t\t\t<\/li><li class=\"wc-block-grid__product\">\n\t\t\t\t<a href=\"https:\/\/lubifood.com\/sk\/shop\/produkty\/lanove-semienka-1-kg\" class=\"wc-block-grid__product-link\">\n\t\t\t\t\t\n\t\t\t\t\t<div class=\"wc-block-grid__product-image\"><img loading=\"lazy\" decoding=\"async\" width=\"300\" height=\"300\" src=\"https:\/\/lubifood.com\/wp-content\/uploads\/2025\/08\/lanove_semienka_01-300x300.png\" class=\"attachment-woocommerce_thumbnail size-woocommerce_thumbnail\" alt=\"\u013danov\u00e9 semienka \u2013 1 kg\" srcset=\"https:\/\/lubifood.com\/wp-content\/uploads\/2025\/08\/lanove_semienka_01-300x300.png 300w, https:\/\/lubifood.com\/wp-content\/uploads\/2025\/08\/lanove_semienka_01-150x150.png 150w, https:\/\/lubifood.com\/wp-content\/uploads\/2025\/08\/lanove_semienka_01-768x768.png 768w, https:\/\/lubifood.com\/wp-content\/uploads\/2025\/08\/lanove_semienka_01-600x600.png 600w, https:\/\/lubifood.com\/wp-content\/uploads\/2025\/08\/lanove_semienka_01-100x100.png 100w, https:\/\/lubifood.com\/wp-content\/uploads\/2025\/08\/lanove_semienka_01.png 1000w\" sizes=\"auto, (max-width: 300px) 100vw, 300px\" \/><\/div>\n\t\t\t\t\t<div class=\"wc-block-grid__product-title\">\u013danov\u00e9 semienka \u2013 1 kg<\/div>\n\t\t\t\t<\/a>\n\t\t\t\t<div class=\"wc-block-grid__product-price price\"><span class=\"woocommerce-Price-amount amount\">5,00&nbsp;<span class=\"woocommerce-Price-currencySymbol\">&euro;<\/span><\/span><\/div>\n\t\t\t\t\n\t\t\t\t<div class=\"wp-block-button wc-block-grid__product-add-to-cart\"><a href=\"\/sk\/wp-json\/wp\/v2\/pages\/3482?add-to-cart=3769\" aria-label=\"Prida\u0165 do ko\u0161\u00edka: \u201e\u013danov\u00e9 semienka \u2013 1 kg\u201c\" data-quantity=\"1\" data-product_id=\"3769\" data-product_sku=\"\" data-price=\"5\" rel=\"nofollow\" class=\"wp-block-button__link  add_to_cart_button ajax_add_to_cart\">Prida\u0165 do ko\u0161\u00edka<\/a><\/div>\n\t\t\t<\/li><li class=\"wc-block-grid__product\">\n\t\t\t\t<a href=\"https:\/\/lubifood.com\/sk\/shop\/produkty\/lanove-semienka\" class=\"wc-block-grid__product-link\">\n\t\t\t\t\t\n\t\t\t\t\t<div class=\"wc-block-grid__product-image\"><img loading=\"lazy\" decoding=\"async\" width=\"300\" height=\"300\" src=\"https:\/\/lubifood.com\/wp-content\/uploads\/2025\/08\/lanove_semienka_01-300x300.png\" class=\"attachment-woocommerce_thumbnail size-woocommerce_thumbnail\" alt=\"\u013danov\u00e9 semienka - 500 g\" srcset=\"https:\/\/lubifood.com\/wp-content\/uploads\/2025\/08\/lanove_semienka_01-300x300.png 300w, https:\/\/lubifood.com\/wp-content\/uploads\/2025\/08\/lanove_semienka_01-150x150.png 150w, https:\/\/lubifood.com\/wp-content\/uploads\/2025\/08\/lanove_semienka_01-768x768.png 768w, https:\/\/lubifood.com\/wp-content\/uploads\/2025\/08\/lanove_semienka_01-600x600.png 600w, https:\/\/lubifood.com\/wp-content\/uploads\/2025\/08\/lanove_semienka_01-100x100.png 100w, https:\/\/lubifood.com\/wp-content\/uploads\/2025\/08\/lanove_semienka_01.png 1000w\" sizes=\"auto, (max-width: 300px) 100vw, 300px\" \/><\/div>\n\t\t\t\t\t<div class=\"wc-block-grid__product-title\">\u013danov\u00e9 semienka &#8211; 500 g<\/div>\n\t\t\t\t<\/a>\n\t\t\t\t<div class=\"wc-block-grid__product-price price\"><span class=\"woocommerce-Price-amount amount\">3,00&nbsp;<span class=\"woocommerce-Price-currencySymbol\">&euro;<\/span><\/span><\/div>\n\t\t\t\t\n\t\t\t\t<div class=\"wp-block-button wc-block-grid__product-add-to-cart\"><a href=\"\/sk\/wp-json\/wp\/v2\/pages\/3482?add-to-cart=3354\" aria-label=\"Prida\u0165 do ko\u0161\u00edka: \u201e\u013danov\u00e9 semienka - 500 g\u201c\" data-quantity=\"1\" data-product_id=\"3354\" data-product_sku=\"\" data-price=\"3\" rel=\"nofollow\" class=\"wp-block-button__link  add_to_cart_button ajax_add_to_cart\">Prida\u0165 do ko\u0161\u00edka<\/a><\/div>\n\t\t\t<\/li><\/ul><\/div><\/div>\n<\/div>\n","protected":false},"excerpt":{"rendered":"","protected":false},"author":1,"featured_media":0,"parent":0,"menu_order":0,"comment_status":"closed","ping_status":"closed","template":"","meta":{"site-sidebar-layout":"default","site-content-layout":"","ast-site-content-layout":"default","site-content-style":"default","site-sidebar-style":"default","ast-global-header-display":"","ast-banner-title-visibility":"","ast-main-header-display":"","ast-hfb-above-header-display":"","ast-hfb-below-header-display":"","ast-hfb-mobile-header-display":"","site-post-title":"","ast-breadcrumbs-content":"","ast-featured-img":"","footer-sml-layout":"","theme-transparent-header-meta":"","adv-header-id-meta":"","stick-header-meta":"","header-above-stick-meta":"","header-main-stick-meta":"","header-below-stick-meta":"","astra-migrate-meta-layouts":"default","ast-page-background-enabled":"default","ast-page-background-meta":{"desktop":{"background-color":"var(--ast-global-color-5)","background-image":"","background-repeat":"repeat","background-position":"center center","background-size":"auto","background-attachment":"scroll","background-type":"","background-media":"","overlay-type":"","overlay-color":"","overlay-opacity":"","overlay-gradient":""},"tablet":{"background-color":"","background-image":"","background-repeat":"repeat","background-position":"center center","background-size":"auto","background-attachment":"scroll","background-type":"","background-media":"","overlay-type":"","overlay-color":"","overlay-opacity":"","overlay-gradient":""},"mobile":{"background-color":"","background-image":"","background-repeat":"repeat","background-position":"center center","background-size":"auto","background-attachment":"scroll","background-type":"","background-media":"","overlay-type":"","overlay-color":"","overlay-opacity":"","overlay-gradient":""}},"ast-content-background-meta":{"desktop":{"background-color":"var(--ast-global-color-4)","background-image":"","background-repeat":"repeat","background-position":"center center","background-size":"auto","background-attachment":"scroll","background-type":"","background-media":"","overlay-type":"","overlay-color":"","overlay-opacity":"","overlay-gradient":""},"tablet":{"background-color":"var(--ast-global-color-4)","background-image":"","background-repeat":"repeat","background-position":"center center","background-size":"auto","background-attachment":"scroll","background-type":"","background-media":"","overlay-type":"","overlay-color":"","overlay-opacity":"","overlay-gradient":""},"mobile":{"background-color":"var(--ast-global-color-4)","background-image":"","background-repeat":"repeat","background-position":"center center","background-size":"auto","background-attachment":"scroll","background-type":"","background-media":"","overlay-type":"","overlay-color":"","overlay-opacity":"","overlay-gradient":""}},"footnotes":""},"class_list":["post-3482","page","type-page","status-publish","hentry"],"_links":{"self":[{"href":"https:\/\/lubifood.com\/sk\/wp-json\/wp\/v2\/pages\/3482","targetHints":{"allow":["GET"]}}],"collection":[{"href":"https:\/\/lubifood.com\/sk\/wp-json\/wp\/v2\/pages"}],"about":[{"href":"https:\/\/lubifood.com\/sk\/wp-json\/wp\/v2\/types\/page"}],"author":[{"embeddable":true,"href":"https:\/\/lubifood.com\/sk\/wp-json\/wp\/v2\/users\/1"}],"replies":[{"embeddable":true,"href":"https:\/\/lubifood.com\/sk\/wp-json\/wp\/v2\/comments?post=3482"}],"version-history":[{"count":2,"href":"https:\/\/lubifood.com\/sk\/wp-json\/wp\/v2\/pages\/3482\/revisions"}],"predecessor-version":[{"id":3492,"href":"https:\/\/lubifood.com\/sk\/wp-json\/wp\/v2\/pages\/3482\/revisions\/3492"}],"wp:attachment":[{"href":"https:\/\/lubifood.com\/sk\/wp-json\/wp\/v2\/media?parent=3482"}],"curies":[{"name":"wp","href":"https:\/\/api.w.org\/{rel}","templated":true}]}}